{"id":3268,"date":"2022-07-04T08:30:21","date_gmt":"2022-07-04T08:30:21","guid":{"rendered":"http:\/\/s908518975.onlinehome.fr\/?page_id=3268"},"modified":"2026-01-23T15:56:23","modified_gmt":"2026-01-23T15:56:23","slug":"baremes","status":"publish","type":"page","link":"https:\/\/art-patrimoine.immo\/en\/baremes","title":{"rendered":"Fee schedules"},"content":{"rendered":"<div data-elementor-type=\"wp-page\" data-elementor-id=\"3268\" class=\"elementor elementor-3268\">\n\t\t\t\t\t\t<section class=\"elementor-section elementor-top-section elementor-element elementor-element-ee03a63 elementor-section-boxed elementor-section-height-default elementor-section-height-default qodef-elementor-content-no\" data-id=\"ee03a63\" data-element_type=\"section\" data-e-type=\"section\">\n\t\t\t\t\t\t<div class=\"elementor-container elementor-column-gap-default\">\n\t\t\t\t\t<div class=\"elementor-column elementor-col-100 elementor-top-column elementor-element elementor-element-53b5577\" data-id=\"53b5577\" data-element_type=\"column\" data-e-type=\"column\">\n\t\t\t<div class=\"elementor-widget-wrap elementor-element-populated\">\n\t\t\t\t\t\t<div class=\"elementor-element elementor-element-e6247cb elementor-widget elementor-widget-text-editor\" data-id=\"e6247cb\" data-element_type=\"widget\" data-e-type=\"widget\" data-widget_type=\"text-editor.default\">\n\t\t\t\t<div class=\"elementor-widget-container\">\n\t\t\t\t\t\t\t\t\t<h6><span style=\"color: #c28562;\">REAL ESTATE TRANSACTION<\/span><\/h6><p style=\"background-color: #ffffff;\"><u><span style=\"background-color: #ffffff;\">Sale of houses and building lots<\/span><\/u><\/p><p style=\"background-color: #ffffff;\"><i>(Sales prices are inclusive of all taxes)<\/i><i><br \/><\/i><\/p><p style=\"background-color: #ffffff;\"><u>Mandat de vente simple ou recherche<\/u><\/p><ul><li><span style=\"background-color: #ffffff;\">7.00% for a sale price of less than \u20ac200,000<\/span><\/li><li><span style=\"background-color: #ffffff;\">6,00%<\/span><span style=\"background-color: #ffffff;\">\u00a0for a sale price between \u20ac200,001 and \u20ac2,000,000<\/span><\/li><li><span style=\"background-color: #ffffff;\">5,00%<\/span><span style=\"background-color: #ffffff;\">\u00a0for a sale price higher than \u20ac2,000,000<\/span><\/li><\/ul><div><p style=\"background-color: #ffffff;\"><span style=\"background-color: #ffffff;\"><u>Mandat de vente exclusif ou recherche<\/u><\/span><\/p><ul style=\"background-color: #ffffff;\"><li><span style=\"background-color: #ffffff;\">6.00% for a sale price of less than \u20ac200,000<\/span><\/li><li><span style=\"background-color: #ffffff;\">5,00%<\/span><span style=\"background-color: #ffffff;\">\u00a0for a sale price between \u20ac200,001 and \u20ac2,000,000<\/span><\/li><li><span style=\"background-color: #ffffff;\">4,00%<\/span><span style=\"background-color: #ffffff;\">\u00a0for a sale price higher than \u20ac2,000,000<\/span><\/li><\/ul><div><u>Mandat de vente en viager ou recherche<\/u><\/div><div><div><i>(Fees are based on the market value of the property on the day of the sale)<\/i><\/div><div><ul><li>8 % of which 4 % is payable by the seller and 4 % by the buyer.<\/li><\/ul><div>\u00a0<\/div><\/div><\/div><\/div><h6><span style=\"color: #c28562;\">COMMERCIAL REAL ESTATE TRANSACTION<\/span><\/h6><p><u>Vente ou recherche de bureaux, commerces, entrep\u00f4ts, locaux d\u2019activit\u00e9 et terrains<\/u><\/p><p><i>(<\/i><i style=\"background-color: #ffffff;\">Sales prices are exclusive of tax<\/i><i>)<\/i><\/p><ul><li>9,00% pour un prix de vente compris entre 150.001 \u20ac et 200.000 \u20ac<\/li><li>8,00% for a sale price between \u20ac200,001 and \u20ac600,000<\/li><li>7,00% for a sale price between \u20ac600,000 and \u20ac1,000,000<\/li><li>6,00% for a sale price between \u20ac1,000,001 and \u20ac2,000,000<\/li><li>5,00% for a sale price between \u20ac2,000,001 and \u20ac3,000,000<\/li><li>4.00% for a sale price higher than \u20ac3,000,000<\/li><\/ul><p>Montant minimum d\u2019honoraires de commercialisation : forfait de 12.000 \u20ac T.T.C, pour une transaction inf\u00e9rieure 150.000 \u20ac<\/p><p>Fees are due to MAVE SAS in case of sale of a polluted site, or sold at a symbolic value (takeover of the<\/p><p>site by an agglomeration, municipality, etc.) up to 50% of the fees provided for in the mandate.<\/p><p><u>Rentals :<\/u><\/p><p><u>Commercial lease, professional lease and derogatory lease<\/u><\/p><ul><li class=\"translation-block\">15% of the annual rent exclusive of tax to be paid by the Lessor, i.e. 18% <span style=\"background-color: #ffffff\">after tax<\/span>.<\/li><li class=\"translation-block\">15% of the annual rent exclusive of tax to be paid by the Tenant, i.e. 18% <span style=\"background-color: #ffffff\">after tax<\/span>.<\/li><\/ul><p><u>Other services :<\/u><\/p><p><u>Drafting of lease<\/u><\/p><ul><li>5% before tax of the annual rent before tax at the expense of the lessor, i.e. 6% after tax.<\/li><li>5% exclusive of tax of the annual rent exclusive of tax to be paid by the lessee, i.e. 6% after tax.<\/li><\/ul><p class=\"translation-block\">With a minimum amount of 1000 \u20ac exclusive of tax per transaction, i.e. \u20ac1,200 <span style=\"background-color: #ffffff\">after tax<\/span>.<\/p><p>These fees include the marketing costs and the costs of drafting the lease. The expenses of the inventory of fixtures by way of bailiff (from \u20ac150 to \u20ac200 inclusive of tax approximately) will be divided between the two parts (50\/50).<\/p><p><u>Transfer of a business or leasehold rights<\/u><\/p><p class=\"translation-block\">30% of the annual rental value (annual rent exclusive of tax + 1\/9 of the right to lease), i.e. 36% <span style=\"background-color: #ffffff\">after tax<\/span>.<\/p><p class=\"translation-block\">With a minimum fee of \u20ac5,000 exclusive of tax, i.e. \u20ac6,000 <span style=\"background-color: #ffffff\">after tax<\/span> (excluding administrative costs, court fees, taxes and disbursements to be paid by the taker).<\/p><p><u>Derni\u00e8re date de mise \u00e0 jour des bar\u00e8mes : 02\/01\/2026<\/u><\/p><p style=\"background-color: #ffffff;\"><u>Non contractual information document. Conditions subject to change without notice.<\/u><\/p>\t\t\t\t\t\t\t\t<\/div>\n\t\t\t\t<\/div>\n\t\t\t\t\t<\/div>\n\t\t<\/div>\n\t\t\t\t\t<\/div>\n\t\t<\/section>\n\t\t\t\t<\/div>","protected":false},"excerpt":{"rendered":"<p>TRANSACTION EN IMMOBILIER Vente d&rsquo;habitations et terrains \u00e0 b\u00e2tir (Les prix de vente s\u2019entendent Toutes Taxes Comprises) Mandat de vente simple ou recherche 7,00% pour un prix de vente inf\u00e9rieur \u00e0 200.000 \u20ac 6,00%\u00a0pour un prix de vente compris entre 200.001 \u20ac et 2.000.000 \u20ac 5,00%\u00a0pour un prix de vente sup\u00e9rieur \u00e0 2.000.000 \u20ac Mandat [&hellip;]<\/p>\n","protected":false},"author":1,"featured_media":0,"parent":0,"menu_order":0,"comment_status":"closed","ping_status":"closed","template":"","meta":{"footnotes":""},"class_list":["post-3268","page","type-page","status-publish","hentry"],"yoast_head":"<!-- This site is optimized with the Yoast SEO plugin v27.6 - https:\/\/yoast.com\/product\/yoast-seo-wordpress\/ -->\n<title>Bar\u00e8mes - Art &amp; Patrimoine<\/title>\n<meta name=\"robots\" content=\"index, follow, max-snippet:-1, max-image-preview:large, max-video-preview:-1\" \/>\n<link rel=\"canonical\" href=\"https:\/\/art-patrimoine.immo\/en\/baremes\/\" \/>\n<meta property=\"og:locale\" content=\"en_GB\" \/>\n<meta property=\"og:type\" content=\"article\" \/>\n<meta property=\"og:title\" content=\"Bar\u00e8mes - Art &amp; Patrimoine\" \/>\n<meta property=\"og:description\" content=\"TRANSACTION EN IMMOBILIER Vente d&rsquo;habitations et terrains \u00e0 b\u00e2tir (Les prix de vente s\u2019entendent Toutes Taxes Comprises) Mandat de vente simple ou recherche 7,00% pour un prix de vente inf\u00e9rieur \u00e0 200.000 \u20ac 6,00%\u00a0pour un prix de vente compris entre 200.001 \u20ac et 2.000.000 \u20ac 5,00%\u00a0pour un prix de vente sup\u00e9rieur \u00e0 2.000.000 \u20ac Mandat [&hellip;]\" \/>\n<meta property=\"og:url\" content=\"https:\/\/art-patrimoine.immo\/en\/baremes\/\" \/>\n<meta property=\"og:site_name\" content=\"Art &amp; Patrimoine\" \/>\n<meta property=\"article:modified_time\" content=\"2026-01-23T15:56:23+00:00\" \/>\n<meta name=\"twitter:card\" content=\"summary_large_image\" \/>\n<meta name=\"twitter:label1\" content=\"Estimated reading time\" \/>\n\t<meta name=\"twitter:data1\" content=\"3 minutes\" \/>\n<script type=\"application\/ld+json\" class=\"yoast-schema-graph\">{\"@context\":\"https:\\\/\\\/schema.org\",\"@graph\":[{\"@type\":\"WebPage\",\"@id\":\"https:\\\/\\\/art-patrimoine.immo\\\/baremes\",\"url\":\"https:\\\/\\\/art-patrimoine.immo\\\/baremes\",\"name\":\"Bar\u00e8mes - Art &amp; Patrimoine\",\"isPartOf\":{\"@id\":\"https:\\\/\\\/art-patrimoine.immo\\\/#website\"},\"datePublished\":\"2022-07-04T08:30:21+00:00\",\"dateModified\":\"2026-01-23T15:56:23+00:00\",\"breadcrumb\":{\"@id\":\"https:\\\/\\\/art-patrimoine.immo\\\/baremes#breadcrumb\"},\"inLanguage\":\"en-GB\",\"potentialAction\":[{\"@type\":\"ReadAction\",\"target\":[\"https:\\\/\\\/art-patrimoine.immo\\\/baremes\"]}]},{\"@type\":\"BreadcrumbList\",\"@id\":\"https:\\\/\\\/art-patrimoine.immo\\\/baremes#breadcrumb\",\"itemListElement\":[{\"@type\":\"ListItem\",\"position\":1,\"name\":\"Accueil\",\"item\":\"https:\\\/\\\/art-patrimoine.immo\\\/\"},{\"@type\":\"ListItem\",\"position\":2,\"name\":\"Bar\u00e8mes\"}]},{\"@type\":\"WebSite\",\"@id\":\"https:\\\/\\\/art-patrimoine.immo\\\/#website\",\"url\":\"https:\\\/\\\/art-patrimoine.immo\\\/\",\"name\":\"Art & Patrimoine\",\"description\":\"Conseil en Immobilier\",\"publisher\":{\"@id\":\"https:\\\/\\\/art-patrimoine.immo\\\/#organization\"},\"potentialAction\":[{\"@type\":\"SearchAction\",\"target\":{\"@type\":\"EntryPoint\",\"urlTemplate\":\"https:\\\/\\\/art-patrimoine.immo\\\/?s={search_term_string}\"},\"query-input\":{\"@type\":\"PropertyValueSpecification\",\"valueRequired\":true,\"valueName\":\"search_term_string\"}}],\"inLanguage\":\"en-GB\"},{\"@type\":\"Organization\",\"@id\":\"https:\\\/\\\/art-patrimoine.immo\\\/#organization\",\"name\":\"Art & Patrimoine\",\"url\":\"https:\\\/\\\/art-patrimoine.immo\\\/\",\"logo\":{\"@type\":\"ImageObject\",\"inLanguage\":\"en-GB\",\"@id\":\"https:\\\/\\\/art-patrimoine.immo\\\/#\\\/schema\\\/logo\\\/image\\\/\",\"url\":\"https:\\\/\\\/art-patrimoine.immo\\\/wp-content\\\/uploads\\\/2022\\\/04\\\/27042022_Logo-Art-Patrimoine_3-1.png\",\"contentUrl\":\"https:\\\/\\\/art-patrimoine.immo\\\/wp-content\\\/uploads\\\/2022\\\/04\\\/27042022_Logo-Art-Patrimoine_3-1.png\",\"width\":1600,\"height\":1035,\"caption\":\"Art & Patrimoine\"},\"image\":{\"@id\":\"https:\\\/\\\/art-patrimoine.immo\\\/#\\\/schema\\\/logo\\\/image\\\/\"},\"sameAs\":[\"https:\\\/\\\/www.instagram.com\\\/marco_fr_pro\\\/\"]}]}<\/script>\n<!-- \/ Yoast SEO plugin. -->","yoast_head_json":{"title":"Bar\u00e8mes - Art &amp; Patrimoine","robots":{"index":"index","follow":"follow","max-snippet":"max-snippet:-1","max-image-preview":"max-image-preview:large","max-video-preview":"max-video-preview:-1"},"canonical":"https:\/\/art-patrimoine.immo\/en\/baremes\/","og_locale":"en_GB","og_type":"article","og_title":"Bar\u00e8mes - Art &amp; Patrimoine","og_description":"TRANSACTION EN IMMOBILIER Vente d&rsquo;habitations et terrains \u00e0 b\u00e2tir (Les prix de vente s\u2019entendent Toutes Taxes Comprises) Mandat de vente simple ou recherche 7,00% pour un prix de vente inf\u00e9rieur \u00e0 200.000 \u20ac 6,00%\u00a0pour un prix de vente compris entre 200.001 \u20ac et 2.000.000 \u20ac 5,00%\u00a0pour un prix de vente sup\u00e9rieur \u00e0 2.000.000 \u20ac Mandat [&hellip;]","og_url":"https:\/\/art-patrimoine.immo\/en\/baremes\/","og_site_name":"Art &amp; Patrimoine","article_modified_time":"2026-01-23T15:56:23+00:00","twitter_card":"summary_large_image","twitter_misc":{"Estimated reading time":"3 minutes"},"schema":{"@context":"https:\/\/schema.org","@graph":[{"@type":"WebPage","@id":"https:\/\/art-patrimoine.immo\/baremes","url":"https:\/\/art-patrimoine.immo\/baremes","name":"Bar\u00e8mes - Art &amp; Patrimoine","isPartOf":{"@id":"https:\/\/art-patrimoine.immo\/#website"},"datePublished":"2022-07-04T08:30:21+00:00","dateModified":"2026-01-23T15:56:23+00:00","breadcrumb":{"@id":"https:\/\/art-patrimoine.immo\/baremes#breadcrumb"},"inLanguage":"en-GB","potentialAction":[{"@type":"ReadAction","target":["https:\/\/art-patrimoine.immo\/baremes"]}]},{"@type":"BreadcrumbList","@id":"https:\/\/art-patrimoine.immo\/baremes#breadcrumb","itemListElement":[{"@type":"ListItem","position":1,"name":"Accueil","item":"https:\/\/art-patrimoine.immo\/"},{"@type":"ListItem","position":2,"name":"Bar\u00e8mes"}]},{"@type":"WebSite","@id":"https:\/\/art-patrimoine.immo\/#website","url":"https:\/\/art-patrimoine.immo\/","name":"Art & Patrimoine","description":"Real Estate Consulting","publisher":{"@id":"https:\/\/art-patrimoine.immo\/#organization"},"potentialAction":[{"@type":"SearchAction","target":{"@type":"EntryPoint","urlTemplate":"https:\/\/art-patrimoine.immo\/?s={search_term_string}"},"query-input":{"@type":"PropertyValueSpecification","valueRequired":true,"valueName":"search_term_string"}}],"inLanguage":"en-GB"},{"@type":"Organization","@id":"https:\/\/art-patrimoine.immo\/#organization","name":"Art & Patrimoine","url":"https:\/\/art-patrimoine.immo\/","logo":{"@type":"ImageObject","inLanguage":"en-GB","@id":"https:\/\/art-patrimoine.immo\/#\/schema\/logo\/image\/","url":"https:\/\/art-patrimoine.immo\/wp-content\/uploads\/2022\/04\/27042022_Logo-Art-Patrimoine_3-1.png","contentUrl":"https:\/\/art-patrimoine.immo\/wp-content\/uploads\/2022\/04\/27042022_Logo-Art-Patrimoine_3-1.png","width":1600,"height":1035,"caption":"Art & Patrimoine"},"image":{"@id":"https:\/\/art-patrimoine.immo\/#\/schema\/logo\/image\/"},"sameAs":["https:\/\/www.instagram.com\/marco_fr_pro\/"]}]}},"_links":{"self":[{"href":"https:\/\/art-patrimoine.immo\/en\/wp-json\/wp\/v2\/pages\/3268","targetHints":{"allow":["GET"]}}],"collection":[{"href":"https:\/\/art-patrimoine.immo\/en\/wp-json\/wp\/v2\/pages"}],"about":[{"href":"https:\/\/art-patrimoine.immo\/en\/wp-json\/wp\/v2\/types\/page"}],"author":[{"embeddable":true,"href":"https:\/\/art-patrimoine.immo\/en\/wp-json\/wp\/v2\/users\/1"}],"replies":[{"embeddable":true,"href":"https:\/\/art-patrimoine.immo\/en\/wp-json\/wp\/v2\/comments?post=3268"}],"version-history":[{"count":223,"href":"https:\/\/art-patrimoine.immo\/en\/wp-json\/wp\/v2\/pages\/3268\/revisions"}],"predecessor-version":[{"id":6041,"href":"https:\/\/art-patrimoine.immo\/en\/wp-json\/wp\/v2\/pages\/3268\/revisions\/6041"}],"wp:attachment":[{"href":"https:\/\/art-patrimoine.immo\/en\/wp-json\/wp\/v2\/media?parent=3268"}],"curies":[{"name":"wp","href":"https:\/\/api.w.org\/{rel}","templated":true}]}}