{"id":3197,"date":"2022-07-01T12:05:42","date_gmt":"2022-07-01T12:05:42","guid":{"rendered":"http:\/\/s908518975.onlinehome.fr\/?page_id=3197"},"modified":"2022-08-12T16:45:57","modified_gmt":"2022-08-12T16:45:57","slug":"mentions-legales","status":"publish","type":"page","link":"https:\/\/art-patrimoine.immo\/en\/mentions-legales","title":{"rendered":"Legal information"},"content":{"rendered":"<div data-elementor-type=\"wp-page\" data-elementor-id=\"3197\" class=\"elementor elementor-3197\">\n\t\t\t\t\t\t<section class=\"elementor-section elementor-top-section elementor-element elementor-element-1eac8fd elementor-section-boxed elementor-section-height-default elementor-section-height-default qodef-elementor-content-no\" data-id=\"1eac8fd\" data-element_type=\"section\" data-e-type=\"section\">\n\t\t\t\t\t\t<div class=\"elementor-container elementor-column-gap-default\">\n\t\t\t\t\t<div class=\"elementor-column elementor-col-100 elementor-top-column elementor-element elementor-element-287f384\" data-id=\"287f384\" data-element_type=\"column\" data-e-type=\"column\">\n\t\t\t<div class=\"elementor-widget-wrap elementor-element-populated\">\n\t\t\t\t\t\t<div class=\"elementor-element elementor-element-8a35137 elementor-widget elementor-widget-text-editor\" data-id=\"8a35137\" data-element_type=\"widget\" data-e-type=\"widget\" data-widget_type=\"text-editor.default\">\n\t\t\t\t<div class=\"elementor-widget-container\">\n\t\t\t\t\t\t\t\t\t<p>In accordance with the provisions of Articles 6-III and 19 of Law No. 2004-575 of June 21, 2004 for Confidence in the Digital Economy, known as the L.C.E.N., users of the site www.art-patrimoine.immo are informed of this legal notice.<\/p><p>The connection and the navigation on the site www.art-patrimoine.immo by the User implies full acceptance and without reserve of the present legal notice.<\/p><p>These are available on the site under the heading \"Legal information\".<\/p><p>\u00a0<\/p><h6><span style=\"color: #c28562;\">THE PUBLISHER<\/span><\/h6><p>The publishing of the site www.art-patrimoine.immo is ensured by the Company MAVE SAS with a capital of 5000 euros, registered at the RCS of AVIGNON whose head office is located at 2 rue de la Grande Meuse 84000 AVIGNON - France, telephone number 09 52 81 54 64, e-mail address : contact@art-patrimoine.immo, the Director of the publication is Mr. Marc FRANCON<\/p><p>\u00a0<\/p><h6><span style=\"color: #c28562;\">ADVERTISEMENTS<\/span><\/h6><p>The characteristics of the advertisements are given for information purposes only and are not to be considered as constituting a contractual offer. MAVE SAS cannot be held responsible for any errors, omissions or inaccuracies that may occur. The information contained in the description of the properties for sale or rent is provided by the network partners who are independent and write their classified ads under their own responsibility, whose commission shall never exceed the MAVE SAS fee schedule set forth herein.<\/p><p>\u00a0<\/p><h6><span style=\"color: #c28562;\">PARTNERS<\/span><\/h6><p>For the quality of their services, MAVE SAS has selected certain partners on the website. MAVE SAS is not responsible for the performance of these services.<\/p><p>\u00a0<\/p><h6><span style=\"color: #c28562;\">ESTIMATE<\/span><\/h6><p>The users of the site have at their disposal an \"estimator\" allowing them to carry out a certain number of calculations and simulations; their purpose is only to enlighten them on values and are to be used only as an indication; their exactitude and their veracity cannot be guaranteed.<\/p><p>\u00a0<\/p><h6><span style=\"color: #c28562;\">THE HOST<\/span><\/h6><p>The host of the site www.art-patrimoine.immo is the Company 1&amp;1 IONOS, whose head office is located at 7 Place de la Gare, 57200 Sarreguemines, with the telephone number: 0970 808 911.<\/p><p>\u00a0<\/p><h6><span style=\"color: #c28562;\">ACCESS TO THE SITE<\/span><\/h6><p>The site is accessible from any location, 7 days a week, 24 hours a day, except in cases of force majeure, scheduled or unscheduled interruptions that may result from a need for maintenance.<\/p><p>In case of modification, interruption or suspension of the services, the site www.art-patrimoine.immo could not be held responsible.<\/p><p>\u00a0<\/p><h6><span style=\"color: #c28562;\">DATA COLLECTION<\/span><\/h6><p>The site ensures the User a collection and processing of personal information in compliance with the law n\u00b078-17 of January 6, 1978 relating to data processing, files and freedom.<\/p><p>In accordance with the French Data Protection Act of January 6, 1978, the User has the right to access, rectify, delete and oppose his or her personal data.\u00a0<\/p><p>The User may exercise this right by sending an e-mail to: contact@art-patrimoine.immo<\/p><p>\u00a0<\/p><h6><span style=\"color: #c28562;\">COOKIES<\/span><\/h6><p>The User is informed that during his visits to the site, a cookie may be automatically installed on his browser.<\/p><p>By browsing the site, he accepts them.<\/p><p>A cookie is an element that does not allow the User to be identified but is used to record information relating to the User's navigation on the website. The User can deactivate this cookie by using the parameters in his or her browser software.<\/p><p>\u00a0<\/p><h6><span style=\"color: #c28562;\">INTELLECTUAL PROPERTY<\/span><\/h6><p>Any use, reproduction, distribution, marketing, modification of all or part of the site www.art-patrimoine.immo, without the permission of the Editor is prohibited and may result in legal action and prosecution as provided for in particular by the Code of Intellectual Property and the Civil Code.<\/p><p>For more information, please refer to the General Conditions of Use of the website www.art-patrimoine.immo accessible under the heading \"General Conditions of Use\".<\/p><p>\u00a0<\/p>\t\t\t\t\t\t\t\t<\/div>\n\t\t\t\t<\/div>\n\t\t\t\t\t<\/div>\n\t\t<\/div>\n\t\t\t\t\t<\/div>\n\t\t<\/section>\n\t\t\t\t<\/div>","protected":false},"excerpt":{"rendered":"<p>Conform\u00e9ment aux dispositions des Articles 6-III et 19 de la Loi n\u00b02004-575 du 21 juin 2004 pour la Confiance dans l\u2019\u00e9conomie num\u00e9rique, dite L.C.E.N., il est port\u00e9 \u00e0 la connaissance des Utilisateurs du site www.art-patrimoine.immo les pr\u00e9sentes mentions l\u00e9gales. La connexion et la navigation sur le site www.art-patrimoine.immo par l\u2019Utilisateur implique acceptation inte\u0301grale et sans [&hellip;]<\/p>\n","protected":false},"author":1,"featured_media":0,"parent":0,"menu_order":0,"comment_status":"closed","ping_status":"closed","template":"","meta":{"footnotes":""},"class_list":["post-3197","page","type-page","status-publish","hentry"],"yoast_head":"<!-- This site is optimized with the Yoast SEO plugin v27.6 - https:\/\/yoast.com\/product\/yoast-seo-wordpress\/ -->\n<title>Mentions l\u00e9gales - Art &amp; Patrimoine<\/title>\n<meta name=\"robots\" content=\"index, follow, max-snippet:-1, max-image-preview:large, max-video-preview:-1\" \/>\n<link rel=\"canonical\" href=\"https:\/\/art-patrimoine.immo\/en\/mentions-legales\/\" \/>\n<meta property=\"og:locale\" content=\"en_GB\" \/>\n<meta property=\"og:type\" content=\"article\" \/>\n<meta property=\"og:title\" content=\"Mentions l\u00e9gales - Art &amp; Patrimoine\" \/>\n<meta property=\"og:description\" content=\"Conform\u00e9ment aux dispositions des Articles 6-III et 19 de la Loi n\u00b02004-575 du 21 juin 2004 pour la Confiance dans l\u2019\u00e9conomie num\u00e9rique, dite L.C.E.N., il est port\u00e9 \u00e0 la connaissance des Utilisateurs du site www.art-patrimoine.immo les pr\u00e9sentes mentions l\u00e9gales. La connexion et la navigation sur le site www.art-patrimoine.immo par l\u2019Utilisateur implique acceptation inte\u0301grale et sans [&hellip;]\" \/>\n<meta property=\"og:url\" content=\"https:\/\/art-patrimoine.immo\/en\/mentions-legales\/\" \/>\n<meta property=\"og:site_name\" content=\"Art &amp; Patrimoine\" \/>\n<meta property=\"article:modified_time\" content=\"2022-08-12T16:45:57+00:00\" \/>\n<meta name=\"twitter:card\" content=\"summary_large_image\" \/>\n<meta name=\"twitter:label1\" content=\"Estimated reading time\" \/>\n\t<meta name=\"twitter:data1\" content=\"3 minutes\" \/>\n<script type=\"application\/ld+json\" class=\"yoast-schema-graph\">{\"@context\":\"https:\\\/\\\/schema.org\",\"@graph\":[{\"@type\":\"WebPage\",\"@id\":\"https:\\\/\\\/art-patrimoine.immo\\\/mentions-legales\",\"url\":\"https:\\\/\\\/art-patrimoine.immo\\\/mentions-legales\",\"name\":\"Mentions l\u00e9gales - Art &amp; Patrimoine\",\"isPartOf\":{\"@id\":\"https:\\\/\\\/art-patrimoine.immo\\\/#website\"},\"datePublished\":\"2022-07-01T12:05:42+00:00\",\"dateModified\":\"2022-08-12T16:45:57+00:00\",\"breadcrumb\":{\"@id\":\"https:\\\/\\\/art-patrimoine.immo\\\/mentions-legales#breadcrumb\"},\"inLanguage\":\"en-GB\",\"potentialAction\":[{\"@type\":\"ReadAction\",\"target\":[\"https:\\\/\\\/art-patrimoine.immo\\\/mentions-legales\"]}]},{\"@type\":\"BreadcrumbList\",\"@id\":\"https:\\\/\\\/art-patrimoine.immo\\\/mentions-legales#breadcrumb\",\"itemListElement\":[{\"@type\":\"ListItem\",\"position\":1,\"name\":\"Accueil\",\"item\":\"https:\\\/\\\/art-patrimoine.immo\\\/\"},{\"@type\":\"ListItem\",\"position\":2,\"name\":\"Mentions l\u00e9gales\"}]},{\"@type\":\"WebSite\",\"@id\":\"https:\\\/\\\/art-patrimoine.immo\\\/#website\",\"url\":\"https:\\\/\\\/art-patrimoine.immo\\\/\",\"name\":\"Art & Patrimoine\",\"description\":\"Conseil en Immobilier\",\"publisher\":{\"@id\":\"https:\\\/\\\/art-patrimoine.immo\\\/#organization\"},\"potentialAction\":[{\"@type\":\"SearchAction\",\"target\":{\"@type\":\"EntryPoint\",\"urlTemplate\":\"https:\\\/\\\/art-patrimoine.immo\\\/?s={search_term_string}\"},\"query-input\":{\"@type\":\"PropertyValueSpecification\",\"valueRequired\":true,\"valueName\":\"search_term_string\"}}],\"inLanguage\":\"en-GB\"},{\"@type\":\"Organization\",\"@id\":\"https:\\\/\\\/art-patrimoine.immo\\\/#organization\",\"name\":\"Art & Patrimoine\",\"url\":\"https:\\\/\\\/art-patrimoine.immo\\\/\",\"logo\":{\"@type\":\"ImageObject\",\"inLanguage\":\"en-GB\",\"@id\":\"https:\\\/\\\/art-patrimoine.immo\\\/#\\\/schema\\\/logo\\\/image\\\/\",\"url\":\"https:\\\/\\\/art-patrimoine.immo\\\/wp-content\\\/uploads\\\/2022\\\/04\\\/27042022_Logo-Art-Patrimoine_3-1.png\",\"contentUrl\":\"https:\\\/\\\/art-patrimoine.immo\\\/wp-content\\\/uploads\\\/2022\\\/04\\\/27042022_Logo-Art-Patrimoine_3-1.png\",\"width\":1600,\"height\":1035,\"caption\":\"Art & Patrimoine\"},\"image\":{\"@id\":\"https:\\\/\\\/art-patrimoine.immo\\\/#\\\/schema\\\/logo\\\/image\\\/\"},\"sameAs\":[\"https:\\\/\\\/www.instagram.com\\\/marco_fr_pro\\\/\"]}]}<\/script>\n<!-- \/ Yoast SEO plugin. -->","yoast_head_json":{"title":"Mentions l\u00e9gales - Art &amp; Patrimoine","robots":{"index":"index","follow":"follow","max-snippet":"max-snippet:-1","max-image-preview":"max-image-preview:large","max-video-preview":"max-video-preview:-1"},"canonical":"https:\/\/art-patrimoine.immo\/en\/mentions-legales\/","og_locale":"en_GB","og_type":"article","og_title":"Mentions l\u00e9gales - Art &amp; Patrimoine","og_description":"Conform\u00e9ment aux dispositions des Articles 6-III et 19 de la Loi n\u00b02004-575 du 21 juin 2004 pour la Confiance dans l\u2019\u00e9conomie num\u00e9rique, dite L.C.E.N., il est port\u00e9 \u00e0 la connaissance des Utilisateurs du site www.art-patrimoine.immo les pr\u00e9sentes mentions l\u00e9gales. La connexion et la navigation sur le site www.art-patrimoine.immo par l\u2019Utilisateur implique acceptation inte\u0301grale et sans [&hellip;]","og_url":"https:\/\/art-patrimoine.immo\/en\/mentions-legales\/","og_site_name":"Art &amp; Patrimoine","article_modified_time":"2022-08-12T16:45:57+00:00","twitter_card":"summary_large_image","twitter_misc":{"Estimated reading time":"3 minutes"},"schema":{"@context":"https:\/\/schema.org","@graph":[{"@type":"WebPage","@id":"https:\/\/art-patrimoine.immo\/mentions-legales","url":"https:\/\/art-patrimoine.immo\/mentions-legales","name":"Mentions l\u00e9gales - Art &amp; Patrimoine","isPartOf":{"@id":"https:\/\/art-patrimoine.immo\/#website"},"datePublished":"2022-07-01T12:05:42+00:00","dateModified":"2022-08-12T16:45:57+00:00","breadcrumb":{"@id":"https:\/\/art-patrimoine.immo\/mentions-legales#breadcrumb"},"inLanguage":"en-GB","potentialAction":[{"@type":"ReadAction","target":["https:\/\/art-patrimoine.immo\/mentions-legales"]}]},{"@type":"BreadcrumbList","@id":"https:\/\/art-patrimoine.immo\/mentions-legales#breadcrumb","itemListElement":[{"@type":"ListItem","position":1,"name":"Accueil","item":"https:\/\/art-patrimoine.immo\/"},{"@type":"ListItem","position":2,"name":"Mentions l\u00e9gales"}]},{"@type":"WebSite","@id":"https:\/\/art-patrimoine.immo\/#website","url":"https:\/\/art-patrimoine.immo\/","name":"Art & Patrimoine","description":"Real Estate Consulting","publisher":{"@id":"https:\/\/art-patrimoine.immo\/#organization"},"potentialAction":[{"@type":"SearchAction","target":{"@type":"EntryPoint","urlTemplate":"https:\/\/art-patrimoine.immo\/?s={search_term_string}"},"query-input":{"@type":"PropertyValueSpecification","valueRequired":true,"valueName":"search_term_string"}}],"inLanguage":"en-GB"},{"@type":"Organization","@id":"https:\/\/art-patrimoine.immo\/#organization","name":"Art & Patrimoine","url":"https:\/\/art-patrimoine.immo\/","logo":{"@type":"ImageObject","inLanguage":"en-GB","@id":"https:\/\/art-patrimoine.immo\/#\/schema\/logo\/image\/","url":"https:\/\/art-patrimoine.immo\/wp-content\/uploads\/2022\/04\/27042022_Logo-Art-Patrimoine_3-1.png","contentUrl":"https:\/\/art-patrimoine.immo\/wp-content\/uploads\/2022\/04\/27042022_Logo-Art-Patrimoine_3-1.png","width":1600,"height":1035,"caption":"Art & Patrimoine"},"image":{"@id":"https:\/\/art-patrimoine.immo\/#\/schema\/logo\/image\/"},"sameAs":["https:\/\/www.instagram.com\/marco_fr_pro\/"]}]}},"_links":{"self":[{"href":"https:\/\/art-patrimoine.immo\/en\/wp-json\/wp\/v2\/pages\/3197","targetHints":{"allow":["GET"]}}],"collection":[{"href":"https:\/\/art-patrimoine.immo\/en\/wp-json\/wp\/v2\/pages"}],"about":[{"href":"https:\/\/art-patrimoine.immo\/en\/wp-json\/wp\/v2\/types\/page"}],"author":[{"embeddable":true,"href":"https:\/\/art-patrimoine.immo\/en\/wp-json\/wp\/v2\/users\/1"}],"replies":[{"embeddable":true,"href":"https:\/\/art-patrimoine.immo\/en\/wp-json\/wp\/v2\/comments?post=3197"}],"version-history":[{"count":56,"href":"https:\/\/art-patrimoine.immo\/en\/wp-json\/wp\/v2\/pages\/3197\/revisions"}],"predecessor-version":[{"id":4784,"href":"https:\/\/art-patrimoine.immo\/en\/wp-json\/wp\/v2\/pages\/3197\/revisions\/4784"}],"wp:attachment":[{"href":"https:\/\/art-patrimoine.immo\/en\/wp-json\/wp\/v2\/media?parent=3197"}],"curies":[{"name":"wp","href":"https:\/\/api.w.org\/{rel}","templated":true}]}}