{"id":3120,"date":"2022-05-02T15:18:39","date_gmt":"2022-05-02T15:18:39","guid":{"rendered":"http:\/\/s908518975.onlinehome.fr\/?page_id=3120"},"modified":"2022-08-12T16:51:45","modified_gmt":"2022-08-12T16:51:45","slug":"politique-de-confidentialite","status":"publish","type":"page","link":"https:\/\/art-patrimoine.immo\/en\/politique-de-confidentialite","title":{"rendered":"Privacy Policy"},"content":{"rendered":"<div data-elementor-type=\"wp-page\" data-elementor-id=\"3120\" class=\"elementor elementor-3120\">\n\t\t\t\t\t\t<section class=\"elementor-section elementor-top-section elementor-element elementor-element-3545dc2 elementor-section-boxed elementor-section-height-default elementor-section-height-default qodef-elementor-content-no\" data-id=\"3545dc2\" data-element_type=\"section\" data-e-type=\"section\">\n\t\t\t\t\t\t<div class=\"elementor-container elementor-column-gap-default\">\n\t\t\t\t\t<div class=\"elementor-column elementor-col-100 elementor-top-column elementor-element elementor-element-1d492eb\" data-id=\"1d492eb\" data-element_type=\"column\" data-e-type=\"column\">\n\t\t\t<div class=\"elementor-widget-wrap elementor-element-populated\">\n\t\t\t\t\t\t<div class=\"elementor-element elementor-element-ff222ba elementor-widget elementor-widget-text-editor\" data-id=\"ff222ba\" data-element_type=\"widget\" data-e-type=\"widget\" data-widget_type=\"text-editor.default\">\n\t\t\t\t<div class=\"elementor-widget-container\">\n\t\t\t\t\t\t\t\t\t<h6><span style=\"color: #c28562;\">Preamble<\/span><\/h6><p>By accessing and\/or using the www.art-patrimoine.immo website, you acknowledge that you have read, understand and agree to be subject to all the terms and conditions set out in this document. If you do not agree with this policy, you should not use the site and its related services and you should not provide us with your personal data.<\/p><p>\u00a0<\/p><h6><span style=\"color: #c28562;\">Identification of the data controller<\/span><\/h6><p>The person in charge of the personal data file is: Mr. Marc FRANCON<\/p><p>\u00a0<\/p><h6><span style=\"color: #c28562;\">Legal basis<\/span><\/h6><p>This Privacy Policy is based on the General Data Protection Regulation of the European Parliament and of the Council, 27 April 2016 (2016\/679), full text.<\/p><p>\u00a0<\/p><h6><span style=\"color: #c28562;\">Personal data collected and use<\/span><\/h6><p>\u00a0<\/p><h6><span style=\"color: #c28562;\">Data used<\/span><\/h6><p>When you use our contact form, your personal data is collected. This data simply allows us to identify you and facilitate the contact. Consequently, the user provides his information with full knowledge of the facts.<\/p><p>\u00a0<\/p><h6><span style=\"color: #c28562;\">Data transmission<\/span><\/h6><p>The site manager undertakes not to transfer or sell your personal information to third parties or to use it for unintended purposes.<\/p><p>\u00a0<\/p><h6><span style=\"color: #c28562;\">Your rights<\/span><\/h6><p>In accordance with the General Data Protection Regulation, you have the right to access, modify and delete your personal data. To exercise your rights or for any request, send an email directly to: contact@art-patrimoine.immo<\/p><p>\u00a0<\/p><h6><span style=\"color: #c28562;\">Cookies<\/span><\/h6><p>What are cookies? A cookie is a small file containing text that a website saves on your computer or mobile device when you visit that site. Cookies are widely used to make a website work, or to make it work more efficiently, as well as to provide information to the site owners.<\/p><p>\u00a0<\/p><h6><span style=\"color: #c28562;\">Statistics and audience measurement<\/span><\/h6><p>The website uses Google Analytics, a web analysis service provided by Google, Inc. (hereinafter \"Google\") which helps us to analyze the use of the website. For this purpose, Google Analytics uses cookies, which are text files placed on your computer. The information generated by the cookie about your use of the website - such as Internet access data (including your IP address) and your anonymous visitor behavior - is transmitted to and stored by Google for a limited period of time, including on servers in the United States. In accordance with the certification of the data protection shield, Google declares that it complies with the framework defined by the EU-US data protection shield. Google may transfer the information collected by Google Analytics to third parties where required by law or where such third parties process the information on Google's behalf. The Google Analytics Terms of Use state that Google will not associate the data subject's IP address with any other data held by Google. You may refuse the use of cookies from Google Analytics by downloading and installing the Google Analytics Opt-out browser add-on.<\/p><p>\u00a0<\/p><h6><span style=\"color: #c28562;\">Social networks<\/span><\/h6><p>The site relies on certain services offered by third-party sites to improve the interactivity of the site. These include: sharing buttons (Twitter, Facebook, Instagram, YouTube, LinkedIn, Google maps).<\/p><p>\u00a0<\/p><h6><span style=\"color: #c28562;\">Changes to this Privacy Policy<\/span><\/h6><p>This site reserves the right to make changes to this privacy policy by posting a new version on the website. This new version will become effective immediately. Each time you use the website, you agree to abide by the new privacy policy as amended. The website operator therefore encourages you to consult this page regularly in order to be aware of any changes.<\/p>\t\t\t\t\t\t\t\t<\/div>\n\t\t\t\t<\/div>\n\t\t\t\t\t<\/div>\n\t\t<\/div>\n\t\t\t\t\t<\/div>\n\t\t<\/section>\n\t\t\t\t<\/div>","protected":false},"excerpt":{"rendered":"<p>Pr\u00e9ambule En acc\u00e9dant et\/ou en utilisant le site www.art-patrimoine.immo, vous reconnaissez avoir lu, compris et accept\u00e9 d\u2019\u00eatre sujet \u00e0 toutes les conditions pr\u00e9vues par ce document. Si vous n\u2019\u00eates pas d\u2019accord avec cette politique, vous ne devez pas utiliser le site et ses services li\u00e9s et vous ne devriez pas nous communiquer vos donn\u00e9es personnelles. [&hellip;]<\/p>\n","protected":false},"author":1,"featured_media":0,"parent":0,"menu_order":0,"comment_status":"closed","ping_status":"closed","template":"","meta":{"footnotes":""},"class_list":["post-3120","page","type-page","status-publish","hentry"],"yoast_head":"<!-- This site is optimized with the Yoast SEO plugin v27.6 - https:\/\/yoast.com\/product\/yoast-seo-wordpress\/ -->\n<title>Politique de confidentialit\u00e9 - Art &amp; Patrimoine<\/title>\n<meta name=\"robots\" content=\"index, follow, max-snippet:-1, max-image-preview:large, max-video-preview:-1\" \/>\n<link rel=\"canonical\" href=\"https:\/\/art-patrimoine.immo\/en\/politique-de-confidentialite\" \/>\n<meta property=\"og:locale\" content=\"en_GB\" \/>\n<meta property=\"og:type\" content=\"article\" \/>\n<meta property=\"og:title\" content=\"Politique de confidentialit\u00e9 - Art &amp; Patrimoine\" \/>\n<meta property=\"og:description\" content=\"Pr\u00e9ambule En acc\u00e9dant et\/ou en utilisant le site www.art-patrimoine.immo, vous reconnaissez avoir lu, compris et accept\u00e9 d\u2019\u00eatre sujet \u00e0 toutes les conditions pr\u00e9vues par ce document. Si vous n\u2019\u00eates pas d\u2019accord avec cette politique, vous ne devez pas utiliser le site et ses services li\u00e9s et vous ne devriez pas nous communiquer vos donn\u00e9es personnelles. [&hellip;]\" \/>\n<meta property=\"og:url\" content=\"https:\/\/art-patrimoine.immo\/en\/politique-de-confidentialite\" \/>\n<meta property=\"og:site_name\" content=\"Art &amp; Patrimoine\" \/>\n<meta property=\"article:modified_time\" content=\"2022-08-12T16:51:45+00:00\" \/>\n<meta name=\"twitter:card\" content=\"summary_large_image\" \/>\n<meta name=\"twitter:label1\" content=\"Estimated reading time\" \/>\n\t<meta name=\"twitter:data1\" content=\"3 minutes\" \/>\n<script type=\"application\/ld+json\" class=\"yoast-schema-graph\">{\"@context\":\"https:\\\/\\\/schema.org\",\"@graph\":[{\"@type\":\"WebPage\",\"@id\":\"https:\\\/\\\/art-patrimoine.immo\\\/en\\\/politique-de-confidentialite\",\"url\":\"https:\\\/\\\/art-patrimoine.immo\\\/en\\\/politique-de-confidentialite\",\"name\":\"Politique de confidentialit\u00e9 - Art &amp; Patrimoine\",\"isPartOf\":{\"@id\":\"https:\\\/\\\/art-patrimoine.immo\\\/#website\"},\"datePublished\":\"2022-05-02T15:18:39+00:00\",\"dateModified\":\"2022-08-12T16:51:45+00:00\",\"breadcrumb\":{\"@id\":\"https:\\\/\\\/art-patrimoine.immo\\\/en\\\/politique-de-confidentialite#breadcrumb\"},\"inLanguage\":\"en-GB\",\"potentialAction\":[{\"@type\":\"ReadAction\",\"target\":[\"https:\\\/\\\/art-patrimoine.immo\\\/en\\\/politique-de-confidentialite\"]}]},{\"@type\":\"BreadcrumbList\",\"@id\":\"https:\\\/\\\/art-patrimoine.immo\\\/en\\\/politique-de-confidentialite#breadcrumb\",\"itemListElement\":[{\"@type\":\"ListItem\",\"position\":1,\"name\":\"Accueil\",\"item\":\"https:\\\/\\\/art-patrimoine.immo\\\/\"},{\"@type\":\"ListItem\",\"position\":2,\"name\":\"Politique de confidentialit\u00e9\"}]},{\"@type\":\"WebSite\",\"@id\":\"https:\\\/\\\/art-patrimoine.immo\\\/#website\",\"url\":\"https:\\\/\\\/art-patrimoine.immo\\\/\",\"name\":\"Art & Patrimoine\",\"description\":\"Conseil en Immobilier\",\"publisher\":{\"@id\":\"https:\\\/\\\/art-patrimoine.immo\\\/#organization\"},\"potentialAction\":[{\"@type\":\"SearchAction\",\"target\":{\"@type\":\"EntryPoint\",\"urlTemplate\":\"https:\\\/\\\/art-patrimoine.immo\\\/?s={search_term_string}\"},\"query-input\":{\"@type\":\"PropertyValueSpecification\",\"valueRequired\":true,\"valueName\":\"search_term_string\"}}],\"inLanguage\":\"en-GB\"},{\"@type\":\"Organization\",\"@id\":\"https:\\\/\\\/art-patrimoine.immo\\\/#organization\",\"name\":\"Art & Patrimoine\",\"url\":\"https:\\\/\\\/art-patrimoine.immo\\\/\",\"logo\":{\"@type\":\"ImageObject\",\"inLanguage\":\"en-GB\",\"@id\":\"https:\\\/\\\/art-patrimoine.immo\\\/#\\\/schema\\\/logo\\\/image\\\/\",\"url\":\"https:\\\/\\\/art-patrimoine.immo\\\/wp-content\\\/uploads\\\/2022\\\/04\\\/27042022_Logo-Art-Patrimoine_3-1.png\",\"contentUrl\":\"https:\\\/\\\/art-patrimoine.immo\\\/wp-content\\\/uploads\\\/2022\\\/04\\\/27042022_Logo-Art-Patrimoine_3-1.png\",\"width\":1600,\"height\":1035,\"caption\":\"Art & Patrimoine\"},\"image\":{\"@id\":\"https:\\\/\\\/art-patrimoine.immo\\\/#\\\/schema\\\/logo\\\/image\\\/\"},\"sameAs\":[\"https:\\\/\\\/www.instagram.com\\\/marco_fr_pro\\\/\"]}]}<\/script>\n<!-- \/ Yoast SEO plugin. -->","yoast_head_json":{"title":"Politique de confidentialit\u00e9 - Art &amp; Patrimoine","robots":{"index":"index","follow":"follow","max-snippet":"max-snippet:-1","max-image-preview":"max-image-preview:large","max-video-preview":"max-video-preview:-1"},"canonical":"https:\/\/art-patrimoine.immo\/en\/politique-de-confidentialite","og_locale":"en_GB","og_type":"article","og_title":"Politique de confidentialit\u00e9 - Art &amp; Patrimoine","og_description":"Pr\u00e9ambule En acc\u00e9dant et\/ou en utilisant le site www.art-patrimoine.immo, vous reconnaissez avoir lu, compris et accept\u00e9 d\u2019\u00eatre sujet \u00e0 toutes les conditions pr\u00e9vues par ce document. Si vous n\u2019\u00eates pas d\u2019accord avec cette politique, vous ne devez pas utiliser le site et ses services li\u00e9s et vous ne devriez pas nous communiquer vos donn\u00e9es personnelles. [&hellip;]","og_url":"https:\/\/art-patrimoine.immo\/en\/politique-de-confidentialite","og_site_name":"Art &amp; Patrimoine","article_modified_time":"2022-08-12T16:51:45+00:00","twitter_card":"summary_large_image","twitter_misc":{"Estimated reading time":"3 minutes"},"schema":{"@context":"https:\/\/schema.org","@graph":[{"@type":"WebPage","@id":"https:\/\/art-patrimoine.immo\/en\/politique-de-confidentialite","url":"https:\/\/art-patrimoine.immo\/en\/politique-de-confidentialite","name":"Politique de confidentialit\u00e9 - Art &amp; Patrimoine","isPartOf":{"@id":"https:\/\/art-patrimoine.immo\/#website"},"datePublished":"2022-05-02T15:18:39+00:00","dateModified":"2022-08-12T16:51:45+00:00","breadcrumb":{"@id":"https:\/\/art-patrimoine.immo\/en\/politique-de-confidentialite#breadcrumb"},"inLanguage":"en-GB","potentialAction":[{"@type":"ReadAction","target":["https:\/\/art-patrimoine.immo\/en\/politique-de-confidentialite"]}]},{"@type":"BreadcrumbList","@id":"https:\/\/art-patrimoine.immo\/en\/politique-de-confidentialite#breadcrumb","itemListElement":[{"@type":"ListItem","position":1,"name":"Accueil","item":"https:\/\/art-patrimoine.immo\/"},{"@type":"ListItem","position":2,"name":"Politique de confidentialit\u00e9"}]},{"@type":"WebSite","@id":"https:\/\/art-patrimoine.immo\/#website","url":"https:\/\/art-patrimoine.immo\/","name":"Art & Patrimoine","description":"Real Estate Consulting","publisher":{"@id":"https:\/\/art-patrimoine.immo\/#organization"},"potentialAction":[{"@type":"SearchAction","target":{"@type":"EntryPoint","urlTemplate":"https:\/\/art-patrimoine.immo\/?s={search_term_string}"},"query-input":{"@type":"PropertyValueSpecification","valueRequired":true,"valueName":"search_term_string"}}],"inLanguage":"en-GB"},{"@type":"Organization","@id":"https:\/\/art-patrimoine.immo\/#organization","name":"Art & Patrimoine","url":"https:\/\/art-patrimoine.immo\/","logo":{"@type":"ImageObject","inLanguage":"en-GB","@id":"https:\/\/art-patrimoine.immo\/#\/schema\/logo\/image\/","url":"https:\/\/art-patrimoine.immo\/wp-content\/uploads\/2022\/04\/27042022_Logo-Art-Patrimoine_3-1.png","contentUrl":"https:\/\/art-patrimoine.immo\/wp-content\/uploads\/2022\/04\/27042022_Logo-Art-Patrimoine_3-1.png","width":1600,"height":1035,"caption":"Art & Patrimoine"},"image":{"@id":"https:\/\/art-patrimoine.immo\/#\/schema\/logo\/image\/"},"sameAs":["https:\/\/www.instagram.com\/marco_fr_pro\/"]}]}},"_links":{"self":[{"href":"https:\/\/art-patrimoine.immo\/en\/wp-json\/wp\/v2\/pages\/3120","targetHints":{"allow":["GET"]}}],"collection":[{"href":"https:\/\/art-patrimoine.immo\/en\/wp-json\/wp\/v2\/pages"}],"about":[{"href":"https:\/\/art-patrimoine.immo\/en\/wp-json\/wp\/v2\/types\/page"}],"author":[{"embeddable":true,"href":"https:\/\/art-patrimoine.immo\/en\/wp-json\/wp\/v2\/users\/1"}],"replies":[{"embeddable":true,"href":"https:\/\/art-patrimoine.immo\/en\/wp-json\/wp\/v2\/comments?post=3120"}],"version-history":[{"count":33,"href":"https:\/\/art-patrimoine.immo\/en\/wp-json\/wp\/v2\/pages\/3120\/revisions"}],"predecessor-version":[{"id":4793,"href":"https:\/\/art-patrimoine.immo\/en\/wp-json\/wp\/v2\/pages\/3120\/revisions\/4793"}],"wp:attachment":[{"href":"https:\/\/art-patrimoine.immo\/en\/wp-json\/wp\/v2\/media?parent=3120"}],"curies":[{"name":"wp","href":"https:\/\/api.w.org\/{rel}","templated":true}]}}